{"id":58,"date":"2023-06-10T12:19:54","date_gmt":"2023-06-10T10:19:54","guid":{"rendered":"https:\/\/www.flugcenter.de\/relaunch\/?page_id=58"},"modified":"2023-06-16T05:33:16","modified_gmt":"2023-06-16T03:33:16","slug":"imprint","status":"publish","type":"page","link":"https:\/\/www.flugcenter.de\/relaunch\/imprint\/","title":{"rendered":"Imprint"},"content":{"rendered":"\t\t<div data-elementor-type=\"wp-page\" data-elementor-id=\"58\" class=\"elementor elementor-58\">\n\t\t\t\t\t\t<section class=\"elementor-section elementor-top-section elementor-element elementor-element-7629cc7b elementor-section-height-min-height elementor-section-boxed elementor-section-height-default elementor-section-items-middle tf-sticky-section tf-sticky-no\" data-id=\"7629cc7b\" data-element_type=\"section\" data-e-type=\"section\" data-settings=\"{&quot;background_background&quot;:&quot;classic&quot;,&quot;tf_sticky&quot;:&quot;no&quot;}\">\n\t\t\t\t\t\t\t<div class=\"elementor-background-overlay\"><\/div>\n\t\t\t\t\t\t\t<div class=\"elementor-container elementor-column-gap-default\">\n\t\t\t\t\t<div class=\"elementor-column elementor-col-100 elementor-top-column elementor-element elementor-element-69bd04f9\" data-id=\"69bd04f9\" data-element_type=\"column\" data-e-type=\"column\">\n\t\t\t<div class=\"elementor-widget-wrap elementor-element-populated\">\n\t\t\t\t\t\t<div class=\"elementor-element elementor-element-147d5113 elementor-invisible elementor-widget elementor-widget-heading\" data-id=\"147d5113\" data-element_type=\"widget\" data-e-type=\"widget\" data-settings=\"{&quot;_animation&quot;:&quot;fadeInUp&quot;}\" data-widget_type=\"heading.default\">\n\t\t\t\t<div class=\"elementor-widget-container\">\n\t\t\t\t\t<h1 class=\"elementor-heading-title elementor-size-default\">Impressum<\/h1>\t\t\t\t<\/div>\n\t\t\t\t<\/div>\n\t\t\t\t<div class=\"elementor-element elementor-element-793a92f elementor-icon-list--layout-inline elementor-align-center elementor-list-item-link-full_width elementor-invisible elementor-widget elementor-widget-icon-list\" data-id=\"793a92f\" data-element_type=\"widget\" data-e-type=\"widget\" data-settings=\"{&quot;_animation&quot;:&quot;fadeInUp&quot;}\" data-widget_type=\"icon-list.default\">\n\t\t\t\t<div class=\"elementor-widget-container\">\n\t\t\t\t\t\t\t<ul class=\"elementor-icon-list-items elementor-inline-items\">\n\t\t\t\t\t\t\t<li class=\"elementor-icon-list-item elementor-inline-item\">\n\t\t\t\t\t\t\t\t\t\t\t<a href=\"https:\/\/www.flugcenter.de\/\">\n\n\t\t\t\t\t\t\t\t\t\t\t<span class=\"elementor-icon-list-text\">Home<\/span>\n\t\t\t\t\t\t\t\t\t\t\t<\/a>\n\t\t\t\t\t\t\t\t\t<\/li>\n\t\t\t\t\t\t\t\t<li class=\"elementor-icon-list-item elementor-inline-item\">\n\t\t\t\t\t\t\t\t\t\t\t<span class=\"elementor-icon-list-icon\">\n\t\t\t\t\t\t\t<i aria-hidden=\"true\" class=\"fas fa-angle-right\"><\/i>\t\t\t\t\t\t<\/span>\n\t\t\t\t\t\t\t\t\t\t<span class=\"elementor-icon-list-text\">Impressum<\/span>\n\t\t\t\t\t\t\t\t\t<\/li>\n\t\t\t\t\t\t<\/ul>\n\t\t\t\t\t\t<\/div>\n\t\t\t\t<\/div>\n\t\t\t\t\t<\/div>\n\t\t<\/div>\n\t\t\t\t\t<\/div>\n\t\t<\/section>\n\t\t\t\t<section class=\"elementor-section elementor-top-section elementor-element elementor-element-10ddfa0b elementor-section-boxed elementor-section-height-default elementor-section-height-default tf-sticky-section tf-sticky-no\" data-id=\"10ddfa0b\" data-element_type=\"section\" data-e-type=\"section\" data-settings=\"{&quot;tf_sticky&quot;:&quot;no&quot;}\">\n\t\t\t\t\t\t<div class=\"elementor-container elementor-column-gap-default\">\n\t\t\t\t\t<div class=\"elementor-column elementor-col-100 elementor-top-column elementor-element elementor-element-4ce84201\" data-id=\"4ce84201\" data-element_type=\"column\" data-e-type=\"column\">\n\t\t\t<div class=\"elementor-widget-wrap elementor-element-populated\">\n\t\t\t\t\t\t<div class=\"elementor-element elementor-element-2dbdca25 elementor-invisible elementor-widget elementor-widget-text-editor\" data-id=\"2dbdca25\" data-element_type=\"widget\" data-e-type=\"widget\" data-settings=\"{&quot;_animation&quot;:&quot;fadeInUp&quot;}\" data-widget_type=\"text-editor.default\">\n\t\t\t\t<div class=\"elementor-widget-container\">\n\t\t\t\t\t\t\t\t\t<h3>Angaben gem&auml;&szlig; &sect; 5 TMG:<\/h3>\n  <h3>Reiseb\u00fcro WINTRAKEN<\/h3>\n\t   <h3>Inhaber: Holger Wintraken<\/h3>\n\t   \n\t <h3>Unsere Filialien:<\/h3> \n\t <div class=\"row\">\n\t    \n <div class=\"col-md-3\">\nReiseb\u00fcro WINTRAKEN flugcenter<br\/>\nHolger Wintraken<br\/>\nChemnitzer Str. 96<br\/>\n01187 Dresden<br\/>\n<br\/>\n\nTel (0351) 471 91 41<br\/>\nFax (0351) 471 69 97<br\/>\n <a href=\"mailto:reise@flugcenter.de?subject=Mail%20von%20flugcenter.de Dresden %20an%20Impressum\"> reise@flugcenter.de<\/a><br\/>\n<br\/>\n  <\/div>\n  \n   <div class=\"col-md-3\">\nReiseb\u00fcro WINTRAKEN flugcenter<br\/>\nHolger Wintraken<br\/>\nBahnhofstra\u00dfe 11<br\/>\n01445 Radebeul<br\/>\n\n<br\/>\n\nTel (0351) 838 99 11<br\/>\nFax (0351) 838 99 12<br\/>\n <a href=\"mailto:reise@flugcenter.de?subject=Mail%20von%20flugcenter.de Dresden %20an%20Impressum\"> reise@flugcenter.de<\/a><br\/>\n<br\/>\n  <\/div>\n  \n   <div class=\"col-md-3\">\nReiseb\u00fcro WINTRAKEN Studienreisen<br\/>\nHolger Wintraken<br\/>\nPfarrgasse 1<br\/>\n01067 Dresden<br\/>\n\n<br\/>\n\nTel (0351) 836 52 43<br\/>\n <a href=\"mailto:studienreise@flugcenter.de?subject=Mail%20von%20flugcenter.de Dresden %20an%20Impressum\"> studienreise@flugcenter.de<\/a><br\/>\n<br\/>\n  <\/div>\n  <\/div>\n  \n\n\n<h3>Umsatzsteuer-Identifikationsnummer<\/h3>\n gem\u00e4\u00df \u00a727 a Umsatzsteuergesetz: DE140358875<br\/>\n<br\/>\n\n<h3>Verantwortlich f&uuml;r den Inhalt nach &sect; 55 Abs. 2 RStV:<\/h3>\n<p>Holger Wintraken<br \/>\nChemnitzer Stra&szlig;e 96<br \/> 01187 Dresden<\/p> \n <a href=\"mailto:it@flugcenter.de?subject=Mail%20von%20flugcenter.de%20an%20Impressum\"> it@flugcenter.de<\/a><br\/>\n Tel (0351) 836 52 43<br\/><br\/>\n\n\n<h3>Streitschlichtung<\/h3>\n<p>Die Europ&auml;ische Kommission stellt eine Plattform zur Online-Streitbeilegung (OS) bereit: <a\nhref=\"https:\/\/ec.europa.eu\/consumers\/odr\" target=\"_blank\">https:\/\/ec.europa.eu\/consumers\/odr<\/a><br \/>\nUnsere E-Mail-Adresse finden Sie oben im Impressum.<\/p> <p>Wir sind nicht bereit oder verpflichtet, an\nStreitbeilegungsverfahren vor einer Verbraucherschlichtungsstelle teilzunehmen.<\/p>\n\n<h3>Haftungsauschluss<\/h3>\nDie Inhalte unserer Seiten wurden mit gr\u00f6\u00dfter Sorgfalt erstellt. F\u00fcr die Richtigkeit, Vollst\u00e4ndigkeit und Aktualit\u00e4t der Inhalte k\u00f6nnen wir jedoch keine Gew\u00e4hr \u00fcbernehmen.\nAls Diensteanbieter sind wir gem\u00e4\u00df TMG f\u00fcr eigene Inhalte auf diesen Seiten nach den allgemeinen Gesetzen verantwortlich. Diensteanbieter sind jedoch nicht verpflichtet, die von ihnen \u00fcbermittelten \noder gespeicherten fremden Informationen zu \u00fcberwachen oder nach Umst\u00e4nden zu forschen, die auf eine rechtswidrige T\u00e4tigkeit hinweisen. Verpflichtungen zur Entfernung oder Sperrung der Nutzung von \nInformationen nach den allgemeinen Gesetzen bleiben hiervon unber\u00fchrt. Eine diesbez\u00fcgliche Haftung ist jedoch erst ab dem Zeitpunkt der Kenntnis einer konkreten Rechtsverletzung m\u00f6glich. \nBei bekannt werden von entsprechenden Rechtsverletzungen werden wir diese Inhalte umgehend entfernen.\n\n<br\/>\n<br\/>\n\n<h3>Haftung f\u00fcr Links<\/h3>\nUnser Angebot enth\u00e4lt Links zu externen Webseiten Dritter, auf deren Inhalte wir keinen Einfluss haben. Deshalb k\u00f6nnen wir f\u00fcr diese fremden Inhalte auch keine Gew\u00e4hr \u00fcbernehmen. \nF\u00fcr die Inhalte der verlinkten Seiten ist stets der jeweilige Anbieter oder Betreiber der Seiten verantwortlich. Die verlinkten Seiten wurden zum Zeitpunkt der Verlinkung auf m\u00f6gliche \nRechtsverst\u00f6\u00dfe \u00fcberpr\u00fcft. Rechtswidrige Inhalte waren zum Zeitpunkt der Verlinkung nicht erkennbar. Eine permanente inhaltliche Kontrolle der verlinkten Seiten ist jedoch ohne konkrete \nAnhaltspunkte einer Rechtsverletzung nicht zumutbar. Bei bekannt werden von Rechtsverletzungen werden wir derartige Links umgehend entfernen.\n\n<br\/>\n<br\/>\n\n<h3>Urheber- und Kennzeichenrecht <\/h3>\t\t\t\t\nDer Autor ist bestrebt, in allen Publikationen die Urheberrechte der verwendeten Grafiken, Tondokumente, Videosequenzen und Texte zu beachten, von ihm selbst erstellte Grafiken, Tondokumente, Videosequenzen und \nTexte zu nutzen oder auf lizenzfreie Grafiken, Tondokumente, Videosequenzen und Texte zur\u00fcckzugreifen.\nAlle innerhalb des Internetangebotes genannten und ggf. durch Dritte gesch\u00fctzten Marken- und Warenzeichen unterliegen uneingeschr\u00e4nkt den Bestimmungen des jeweils g\u00fcltigen Kennzeichenrechts und \nden Besitzrechten der jeweiligen eingetragenen Eigent\u00fcmer. Allein aufgrund der blo\u00dfen Nennung ist nicht der Schluss zu ziehen, dass Markenzeichen nicht durch Rechte Dritter gesch\u00fctzt sind!\nDas Copyright f\u00fcr ver\u00f6ffentlichte, vom Autor selbst erstellte Objekte bleibt allein beim Autor der Seiten. Eine Vervielf\u00e4ltigung oder Verwendung solcher Grafiken, Tondokumente, Videosequenzen \nund Texte in anderen elektronischen oder gedruckten Publikationen ist ohne ausdr\u00fcckliche Zustimmung des Autors nicht gestattet. \t\t\t\t\n\n\t<br\/>\n<br\/>\t\n<h3>\t\n\tKontaktdaten der Beschwerde- und Schlichtungsstelle (Ombudsmann):<\/h3>\t\t\nVersicherungsombudsmann e. V., Postfach 080632, 10006 Berlin, Telefon: 0800-3696000, Fax: 0800-3699000\nE-Mail: beschwerde@versicherungsombudsmann.de, Website: https:\/\/www.versicherungsombudsmann.de\t\n\t<\/p>\n\t\n<br\/>\n<br\/>\t\t\t\t\n\n<h3>\t\n\tDatenschutz<\/h3>\t\nUnsere Datenschutzerkl\u00e4rung finden Sie <a href=\"\/datenschutz.html\" title=\"Datenschutz WINTRAKEN flugcenter\">hier<\/a>. \n<\/p>\n\t\n<br\/>\n\t\t\t\t\t\t\t\t<\/div>\n\t\t\t\t<\/div>\n\t\t\t\t\t<\/div>\n\t\t<\/div>\n\t\t\t\t\t<\/div>\n\t\t<\/section>\n\t\t\t\t<\/div>\n\t\t","protected":false},"excerpt":{"rendered":"<p>Impressum Home Impressum Angaben gem&auml;&szlig; &sect; 5 TMG: Reiseb\u00fcro WINTRAKEN Inhaber: Holger Wintraken Unsere Filialien: Reiseb\u00fcro WINTRAKEN flugcenter Holger Wintraken Chemnitzer Str. 96 01187 Dresden Tel (0351) 471 91 41 Fax (0351) 471 69 97 reise@flugcenter.de Reiseb\u00fcro WINTRAKEN flugcenter Holger Wintraken Bahnhofstra\u00dfe 11 01445 Radebeul Tel (0351) 838 99 11 Fax (0351) 838 99 12 &hellip;<\/p>\n<p class=\"read-more\"> <a class=\"\" href=\"https:\/\/www.flugcenter.de\/relaunch\/imprint\/\"> <span class=\"screen-reader-text\">Imprint<\/span> Read More &raquo;<\/a><\/p>\n","protected":false},"author":1,"featured_media":0,"parent":0,"menu_order":0,"comment_status":"closed","ping_status":"closed","template":"","meta":{"site-sidebar-layout":"no-sidebar","site-content-layout":"page-builder","ast-global-header-display":"","ast-banner-title-visibility":"","ast-main-header-display":"","ast-hfb-above-header-display":"","ast-hfb-below-header-display":"","ast-hfb-mobile-header-display":"","site-post-title":"disabled","ast-breadcrumbs-content":"","ast-featured-img":"disabled","footer-sml-layout":"","theme-transparent-header-meta":"","adv-header-id-meta":"","stick-header-meta":"","header-above-stick-meta":"","header-main-stick-meta":"","header-below-stick-meta":"","footnotes":""},"class_list":["post-58","page","type-page","status-publish","hentry"],"_links":{"self":[{"href":"https:\/\/www.flugcenter.de\/relaunch\/wp-json\/wp\/v2\/pages\/58","targetHints":{"allow":["GET"]}}],"collection":[{"href":"https:\/\/www.flugcenter.de\/relaunch\/wp-json\/wp\/v2\/pages"}],"about":[{"href":"https:\/\/www.flugcenter.de\/relaunch\/wp-json\/wp\/v2\/types\/page"}],"author":[{"embeddable":true,"href":"https:\/\/www.flugcenter.de\/relaunch\/wp-json\/wp\/v2\/users\/1"}],"replies":[{"embeddable":true,"href":"https:\/\/www.flugcenter.de\/relaunch\/wp-json\/wp\/v2\/comments?post=58"}],"version-history":[{"count":7,"href":"https:\/\/www.flugcenter.de\/relaunch\/wp-json\/wp\/v2\/pages\/58\/revisions"}],"predecessor-version":[{"id":589,"href":"https:\/\/www.flugcenter.de\/relaunch\/wp-json\/wp\/v2\/pages\/58\/revisions\/589"}],"wp:attachment":[{"href":"https:\/\/www.flugcenter.de\/relaunch\/wp-json\/wp\/v2\/media?parent=58"}],"curies":[{"name":"wp","href":"https:\/\/api.w.org\/{rel}","templated":true}]}}