{"id":59,"date":"2023-06-10T12:19:54","date_gmt":"2023-06-10T10:19:54","guid":{"rendered":"https:\/\/www.flugcenter.de\/relaunch\/?page_id=59"},"modified":"2023-06-16T05:38:51","modified_gmt":"2023-06-16T03:38:51","slug":"data-protection","status":"publish","type":"page","link":"https:\/\/www.flugcenter.de\/relaunch\/data-protection\/","title":{"rendered":"Data protection"},"content":{"rendered":"\t\t<div data-elementor-type=\"wp-page\" data-elementor-id=\"59\" class=\"elementor elementor-59\">\n\t\t\t\t\t\t<section class=\"elementor-section elementor-top-section elementor-element elementor-element-658064d1 elementor-section-height-min-height elementor-section-boxed elementor-section-height-default elementor-section-items-middle tf-sticky-section tf-sticky-no\" data-id=\"658064d1\" data-element_type=\"section\" data-e-type=\"section\" data-settings=\"{&quot;background_background&quot;:&quot;classic&quot;,&quot;tf_sticky&quot;:&quot;no&quot;}\">\n\t\t\t\t\t\t\t<div class=\"elementor-background-overlay\"><\/div>\n\t\t\t\t\t\t\t<div class=\"elementor-container elementor-column-gap-default\">\n\t\t\t\t\t<div class=\"elementor-column elementor-col-100 elementor-top-column elementor-element elementor-element-caa7f0e\" data-id=\"caa7f0e\" data-element_type=\"column\" data-e-type=\"column\">\n\t\t\t<div class=\"elementor-widget-wrap elementor-element-populated\">\n\t\t\t\t\t\t<div class=\"elementor-element elementor-element-4b8cc74f elementor-invisible elementor-widget elementor-widget-heading\" data-id=\"4b8cc74f\" data-element_type=\"widget\" data-e-type=\"widget\" data-settings=\"{&quot;_animation&quot;:&quot;fadeInUp&quot;}\" data-widget_type=\"heading.default\">\n\t\t\t\t<div class=\"elementor-widget-container\">\n\t\t\t\t\t<h1 class=\"elementor-heading-title elementor-size-default\">Data Protection<\/h1>\t\t\t\t<\/div>\n\t\t\t\t<\/div>\n\t\t\t\t<div class=\"elementor-element elementor-element-33517285 elementor-icon-list--layout-inline elementor-align-center elementor-list-item-link-full_width elementor-invisible elementor-widget elementor-widget-icon-list\" data-id=\"33517285\" data-element_type=\"widget\" data-e-type=\"widget\" data-settings=\"{&quot;_animation&quot;:&quot;fadeInUp&quot;}\" data-widget_type=\"icon-list.default\">\n\t\t\t\t<div class=\"elementor-widget-container\">\n\t\t\t\t\t\t\t<ul class=\"elementor-icon-list-items elementor-inline-items\">\n\t\t\t\t\t\t\t<li class=\"elementor-icon-list-item elementor-inline-item\">\n\t\t\t\t\t\t\t\t\t\t\t<a href=\"https:\/\/www.flugcenter.de\/\">\n\n\t\t\t\t\t\t\t\t\t\t\t<span class=\"elementor-icon-list-text\">Home<\/span>\n\t\t\t\t\t\t\t\t\t\t\t<\/a>\n\t\t\t\t\t\t\t\t\t<\/li>\n\t\t\t\t\t\t\t\t<li class=\"elementor-icon-list-item elementor-inline-item\">\n\t\t\t\t\t\t\t\t\t\t\t<span class=\"elementor-icon-list-icon\">\n\t\t\t\t\t\t\t<i aria-hidden=\"true\" class=\"fas fa-angle-right\"><\/i>\t\t\t\t\t\t<\/span>\n\t\t\t\t\t\t\t\t\t\t<span class=\"elementor-icon-list-text\">Data Protection<\/span>\n\t\t\t\t\t\t\t\t\t<\/li>\n\t\t\t\t\t\t<\/ul>\n\t\t\t\t\t\t<\/div>\n\t\t\t\t<\/div>\n\t\t\t\t\t<\/div>\n\t\t<\/div>\n\t\t\t\t\t<\/div>\n\t\t<\/section>\n\t\t\t\t<section class=\"elementor-section elementor-top-section elementor-element elementor-element-54edc1a5 elementor-section-boxed elementor-section-height-default elementor-section-height-default tf-sticky-section tf-sticky-no\" data-id=\"54edc1a5\" data-element_type=\"section\" data-e-type=\"section\" data-settings=\"{&quot;tf_sticky&quot;:&quot;no&quot;}\">\n\t\t\t\t\t\t<div class=\"elementor-container elementor-column-gap-default\">\n\t\t\t\t\t<div class=\"elementor-column elementor-col-100 elementor-top-column elementor-element elementor-element-1d740388\" data-id=\"1d740388\" data-element_type=\"column\" data-e-type=\"column\">\n\t\t\t<div class=\"elementor-widget-wrap elementor-element-populated\">\n\t\t\t\t\t\t<div class=\"elementor-element elementor-element-5728511b elementor-invisible elementor-widget elementor-widget-text-editor\" data-id=\"5728511b\" data-element_type=\"widget\" data-e-type=\"widget\" data-settings=\"{&quot;_animation&quot;:&quot;fadeInUp&quot;}\" data-widget_type=\"text-editor.default\">\n\t\t\t\t<div class=\"elementor-widget-container\">\n\t\t\t\t\t\t\t\t\t\nWir nehmen den Schutz Ihrer pers\u00f6nlichen Daten sehr ernst. Wir behandeln Ihre\npersonenbezogenen Daten vertraulich und entsprechend der gesetzlichen Datenschutzvorschriften sowie\ndieser Datenschutzerkl\u00e4rung. <\/br>\nUnter personenbezogene Daten fallen z.B. Ihr Name, Ihre Anschrift, Ihre Telefonnummer, Ihr Geburtstag (falls angegeben).<\/br>\nDie Nutzung unserer Website ist in der Regel ohne Angabe personenbezogener Daten m\u00f6glich. Soweit\nauf unseren Seiten personenbezogene Daten \nerhoben werden, erfolgt dies, soweit m\u00f6glich, stets auf freiwilliger Basis. Diese Daten werden ohne Ihre\nausdr\u00fcckliche Zustimmung nicht an Dritte weitergegeben.\nWir weisen darauf hin, dass die Daten\u00fcbertragung im Internet (z.B. bei der Kommunikation per E-Mail)\nSicherheitsl\u00fccken aufweisen kann. Ein l\u00fcckenloser Schutz der Daten vor dem Zugriff durch Dritte ist nicht\nm\u00f6glich.\n\t\t\n\t\t\n<h3>Cookies<\/h3>\nDie Internetseiten verwenden teilweise so genannte Cookies. Cookies richten auf Ihrem Rechner keinen\nSchaden an und enthalten keine Viren. Cookies dienen dazu, unser Angebot nutzerfreundlicher, effektiver\nund sicherer zu machen. Cookies sind kleine Textdateien, die auf Ihrem Rechner abgelegt werden und\ndie Ihr Browser speichert.\nDie meisten der von uns verwendeten Cookies sind so genannte \u201eSession-Cookies\u201c. Sie werden nach\nEnde Ihres Besuchs automatisch gel\u00f6scht. Andere Cookies bleiben auf Ihrem Endger\u00e4t gespeichert, bis\nSie diese l\u00f6schen. Diese Cookies erm\u00f6glichen es uns, Ihren Browser beim n\u00e4chsten Besuch\nwiederzuerkennen. <\/br>\nSie k\u00f6nnen Ihren Browser so einstellen, dass Sie \u00fcber das Setzen von Cookies informiert werden und\nCookies nur im Einzelfall erlauben, die Annahme von Cookies f\u00fcr bestimmte F\u00e4lle oder generell\nausschlie\u00dfen sowie das automatische L\u00f6schen der Cookies beim Schlie\u00dfen des Browser aktivieren. Bei\nder Deaktivierung von Cookies kann die Funktionalit\u00e4t dieser Website eingeschr\u00e4nkt sein.\n\t\n\n\n<h3>Server-Log-Files<\/h3>\nDer Provider der Seiten erhebt und speichert automatisch Informationen in so genannten Server-Log\nFiles, die Ihr Browser automatisch an uns \u00fcbermittelt. Dies sind:\nBrowsertyp und Browserversion\nverwendetes Betriebssystem\nReferrer URL\nHostname des zugreifenden Rechners\nUhrzeit der Serveranfrage\nDiese Daten sind nicht bestimmten Personen zuordenbar. Eine Zusammenf\u00fchrung dieser Daten mit\nanderen Datenquellen wird nicht vorgenommen. Wir behalten uns vor, diese Daten nachtr\u00e4glich zu\npr\u00fcfen, wenn uns konkrete Anhaltspunkte f\u00fcr eine rechtswidrige Nutzung bekannt werden.\n\n\n<h3>Kontaktformular<\/h3>\nWenn Sie uns per Kontaktformular Anfragen zukommen lassen, werden Ihre Angaben aus dem\nAnfrageformular inklusive der von Ihnen dort angegebenen Kontaktdaten zwecks Bearbeitung der\nAnfrage und f\u00fcr den Fall von Anschlussfragen bei uns gespeichert. Diese Daten geben wir nicht ohne Ihre\nEinwilligung weiter.\n\n\n <h3>Google Analytics<\/h3> \n <p>Diese\nWebsite nutzt Funktionen des Webanalysedienstes Google Analytics. Anbieter ist die Google Inc., 1600\nAmphitheatre Parkway Mountain View, CA 94043, USA.<\/p> <p>Google Analytics verwendet so genannte\n&quot;Cookies&quot;. Das sind Textdateien, die auf Ihrem Computer gespeichert werden und die eine\nAnalyse der Benutzung der Website durch Sie erm&ouml;glichen. Die durch den Cookie erzeugten\nInformationen &uuml;ber Ihre Benutzung dieser Website werden in der Regel an einen Server von Google\nin den USA &uuml;bertragen und dort gespeichert.<\/p>\n<p><strong>IP Anonymisierung<\/strong><\/p>\n<p>Wir haben auf dieser Website die Funktion IP-Anonymisierung aktiviert. Dadurch wird Ihre IP-Adresse\nvon Google innerhalb von Mitgliedstaaten der Europ&auml;ischen Union oder in anderen Vertragsstaaten\ndes Abkommens &uuml;ber den Europ&auml;ischen Wirtschaftsraum vor der &Uuml;bermittlung in die\nUSA gek&uuml;rzt. Nur in Ausnahmef&auml;llen wird die volle IP-Adresse an einen Server von Google in\nden USA &uuml;bertragen und dort gek&uuml;rzt. Im Auftrag des Betreibers dieser Website wird Google\ndiese Informationen benutzen, um Ihre Nutzung der Website auszuwerten, um Reports &uuml;ber die\nWebsiteaktivit&auml;ten zusammenzustellen und um weitere mit der Websitenutzung und der\nInternetnutzung verbundene Dienstleistungen gegen&uuml;ber dem Websitebetreiber zu erbringen. Die im\nRahmen von Google Analytics von Ihrem Browser &uuml;bermittelte IP-Adresse wird nicht mit anderen\nDaten von Google zusammengef&uuml;hrt.<\/p> \n<p><strong>Browser Plugin<\/strong><\/p> <p>Sie\nk&ouml;nnen die Speicherung der Cookies durch eine entsprechende Einstellung Ihrer Browser-Software\nverhindern; wir weisen Sie jedoch darauf hin, dass Sie in diesem Fall gegebenenfalls nicht s&auml;mtliche\nFunktionen dieser Website vollumf&auml;nglich werden nutzen k&ouml;nnen. Sie k&ouml;nnen\ndar&uuml;ber hinaus die Erfassung der durch den Cookie erzeugten und auf Ihre Nutzung der Website\nbezogenen Daten (inkl. Ihrer IP-Adresse) an Google sowie die Verarbeitung dieser Daten durch Google\nverhindern, indem Sie das unter dem folgenden Link verf&uuml;gbare Browser-Plugin herunterladen und\ninstallieren: <a href=\"https:\/\/tools.google.com\/dlpage\/gaoptout?hl=de\"\ntarget=\"_blank\">https:\/\/tools.google.com\/dlpage\/gaoptout?hl=de<\/a><\/p> \n<p><strong>Widerspruch gegen\nDatenerfassung<\/strong><\/p> <p>Sie k&ouml;nnen die Erfassung Ihrer Daten durch Google Analytics\nverhindern, indem Sie auf folgenden Link klicken. Es wird ein Opt-Out-Cookie gesetzt, der die Erfassung\nIhrer Daten bei zuk&uuml;nftigen Besuchen dieser Website verhindert: <a\nhref=\"javascript:gaOptout();\">Google Analytics deaktivieren<\/a><\/p> <p>Mehr Informationen zum\nUmgang mit Nutzerdaten bei Google Analytics finden Sie in der Datenschutzerkl&auml;rung von Google:\n<a href=\"https:\/\/support.google.com\/analytics\/answer\/6004245?hl=de\"\ntarget=\"_blank\">https:\/\/support.google.com\/analytics\/answer\/6004245?hl=de<\/a><\/p>\n<p><strong>Demografische\nMerkmale bei Google Analytics<\/strong><\/p> <p>Diese Website nutzt die Funktion &ldquo;demografische\nMerkmale&rdquo; von Google Analytics. Dadurch k&ouml;nnen Berichte erstellt werden, die Aussagen zu\nAlter, Geschlecht und Interessen der Seitenbesucher enthalten. Diese Daten stammen aus\ninteressenbezogener Werbung von Google sowie aus Besucherdaten von Drittanbietern. Diese Daten\nk&ouml;nnen keiner bestimmten Person zugeordnet werden. Sie k&ouml;nnen diese Funktion jederzeit\n&uuml;ber die Anzeigeneinstellungen in Ihrem Google-Konto deaktivieren oder die Erfassung Ihrer Daten\ndurch Google Analytics wie im Punkt &ldquo;Widerspruch gegen Datenerfassung&rdquo; dargestellt\ngenerell untersagen.<\/p>\n\n\n<h3> Social Media Netzwerke <\/h3>\n\n<p>Auf unserer Webseite finden Sie Verlinkungen zu Social Media Netzwerken wie Facebook und google+. Es handelt sich hierbei nicht um vom Anbieter bereitgestellte Plugins, die ohne dass die Nutzer Einfluss haben, beim Laden der Seite bereits Daten an den Anbieter \u00fcbermitteln.\n<\/br> Hinter den Schaltfl\u00e4chen zu den Social Media Netzwerken verbirgt sich lediglich ein Link zum Social Media Netzwerk inkl. \u00dcbergabe der zu teilenden Webseite. Es werden keine Nutzerdaten von der Webseite an das Social Media Netzwerk \u00fcbermittelt.\n Wenn Sie im Zeitpunkt des Klicks auf die Schaltfl\u00e4che bereits bei dem entsprechenden Social Media-Dienst eingeloggt sind, wird dies im Dialog zum Teilen der Webseite erkannt, sodass Sie den Inhalt direkt teilen k\u00f6nnen. Sollte dies nicht der Fall sein, werden Sie gebeten, sich beim Social Media Netzwerk einzuloggen.\n\n<\/br>Ab diesem Zeitpunkt befinden Sie sich auf der Webseite des jeweiligen Social Media Netzwerkes.\n<\/p>\n<p><strong> Facebook <\/strong><\/p>\n<p> Bei Klick auf die Schaltfl\u00e4che f\u00fcr Facebook gelangen Sie zu einer Internetpr\u00e4senz der Facebook Inc., 1601 S. California Ave, Palo Ave, CA 04304, USA. Informationen zur Erhebung, Speicherung und Nutzung Ihrer Daten durch die Facebook Inc. finden Sie in den Datenschutzrichtlinien des Anbieters: <a href=\"https:\/\/www.facebook.com\/about\/privacy\/\">https:\/\/www.facebook.com\/about\/privacy\/<\/a>\n<p><strong> google+ <\/strong><\/p>\n<p>Bei Klick auf die Schaltfl\u00e4che f\u00fcr google+ gelangen Sie zu einer Internetpr\u00e4senz der Google Inc., 1600 Amphitheatre Parkway\nMountain View, CA 94043, USA. Inc., 795 Folsom St., Suite 600, San Francisco, CA 94107, USA. Informationen zur Erhebung, Speicherung und Nutzung Ihrer Daten durch die google+ finden Sie in den Datenschutzrichtlinien des Anbieters: <a href=\"https:\/\/policies.google.com\/privacy?hl=de\">https:\/\/policies.google.com\/privacy?hl=de<\/a>\n<\/p>\n\n <p>Wenn\nSie nicht w&uuml;nschen, dass Facebook oder google+ den Besuch unserer Seiten Ihrem -Nutzerkonto\nzuordnen kann, loggen Sie sich bitte aus  jeweiiligen Benutzerkonto aus.<\/p>\n\n<h3>SSL-Verschl\u00fcsselung<\/h3>\n<p>Diese Seite nutzt aus Gr\u00fcnden der Sicherheit und zum Schutz der \u00dcbertragung vertraulicher Inhalte, wie\nzum Beispiel der Anfragen, die Sie an uns als Seitenbetreiber senden, eine SSL-Verschl\u00fcsselung. Eine \nverschl\u00fcsselte Verbindung erkennen Sie daran, dass die Adresszeile des Browsers von &#8220;http:\/\/&#8221; auf\n&#8220;https:\/\/&#8221; wechselt und an dem Schloss-Symbol in Ihrer Browserzeile.\nWenn die SSL Verschl\u00fcsselung aktiviert ist, k\u00f6nnen die Daten, die Sie an uns \u00fcbermitteln, nicht von\nDritten mitgelesen werden.<\/p>\n\n\n<h3>Personenbezogene Daten im Rahmen des Buchungsprozesses<\/h3>\n<strong>Nutzen Sie auf unserer Webseite die Buchungsm\u00f6glichkeit, ben\u00f6tigen wir zum Zweck der Buchungsabwicklung folgende Daten:<\/strong>\n<li>Anrede (aller Reisenden)<\/li>\n<li>Vorname, Nachname (aller Reisenden)<\/li>\n<li>Adressdaten (Zusendung von Rechnung und Reiseunterlagen)<\/li>\n<li>Geburtsdatum \/ Alter aller Reisenden<\/li>\n<li>Telefonnummer des Hauptreisenden\/Ansprechpartners (zur kurzfristigen Kontaktaufnahme im Falle von \u00c4nderungen)<\/li>\n<li>E-Mail-Adresse (Zusendung Zusammenfassung der Buchungsdaten)<\/li>\n<li>Kreditkartendaten im Falle der Zahlung per Kreditkarte<\/li>\n<li>Bankverbindungsdaten im Falle der Zahlung per SEPA-Lastschrift<\/li>\n<p><\/br>\nIm Rahmen der Buchungsabwicklung, werden die von Ihnen zur Buchung eingegebenen Daten an den jeweiligen Veranstalter und die dazugeh\u00f6rigen Leistungstr\u00e4ger weitergeleitet.<\/br>\n\nZudem werden eventuell beauftragte Dienstleister (Auftragsdatenverarbeiter, z.B. Rechenzentren oder Lettershops) weisungsgebunden eingesetzt, um unter anderem den Betrieb der Webseiten oder die Vesand von Briefen oder E-Mails durchzuf\u00fchren. S\u00e4mtliche Auftragsdatenverarbeiter erhalten personenbezogene Daten nur in dem Umfang, in dem Sie die Datenverarbeitung und -nutzung eingewilligt haben bzw. erhalten Sie nur solange Zugang zu den Daten, wie f\u00fcr die Erbringung der Leistungen erforderlich ist.\n<\/br>\nEine Weitergabe der Daten an unbeteiligte Dritte erfolgt nicht. Etwas anderes gilt, wenn wir zu einer Offenlegung und \u00dcbermittlung der Daten gesetzlich oder durch gerichtliches Urteil verpflichtet sind.\n<\/p>\n<h3>Recht auf Auskunft, L\u00f6schung, Sperrung<\/h3> \n<p>Sie haben jederzeit das Recht auf unentgeltliche Auskunft \u00fcber Ihre gespeicherten personenbezogenen\nDaten, deren Herkunft und Empf\u00e4nger und den Zweck der Datenverarbeitung sowie ein Recht auf\nBerichtigung, Sperrung oder L\u00f6schung dieser Daten. Hierzu sowie zu weiteren Fragen zum Thema\npersonenbezogene Daten k\u00f6nnen Sie sich jederzeit unter der im Impressum angegebenen Adresse an\nuns wenden.<\/p> \n\t\t\t\t\t\t\t\t<\/div>\n\t\t\t\t<\/div>\n\t\t\t\t\t<\/div>\n\t\t<\/div>\n\t\t\t\t\t<\/div>\n\t\t<\/section>\n\t\t\t\t<\/div>\n\t\t","protected":false},"excerpt":{"rendered":"<p>Data Protection Home Data Protection Wir nehmen den Schutz Ihrer pers\u00f6nlichen Daten sehr ernst. Wir behandeln Ihre personenbezogenen Daten vertraulich und entsprechend der gesetzlichen Datenschutzvorschriften sowie dieser Datenschutzerkl\u00e4rung. Unter personenbezogene Daten fallen z.B. Ihr Name, Ihre Anschrift, Ihre Telefonnummer, Ihr Geburtstag (falls angegeben). Die Nutzung unserer Website ist in der Regel ohne Angabe personenbezogener Daten &hellip;<\/p>\n<p class=\"read-more\"> <a class=\"\" href=\"https:\/\/www.flugcenter.de\/relaunch\/data-protection\/\"> <span class=\"screen-reader-text\">Data protection<\/span> Read More &raquo;<\/a><\/p>\n","protected":false},"author":1,"featured_media":0,"parent":0,"menu_order":0,"comment_status":"closed","ping_status":"closed","template":"","meta":{"site-sidebar-layout":"no-sidebar","site-content-layout":"page-builder","ast-global-header-display":"","ast-banner-title-visibility":"","ast-main-header-display":"","ast-hfb-above-header-display":"","ast-hfb-below-header-display":"","ast-hfb-mobile-header-display":"","site-post-title":"disabled","ast-breadcrumbs-content":"","ast-featured-img":"disabled","footer-sml-layout":"","theme-transparent-header-meta":"","adv-header-id-meta":"","stick-header-meta":"","header-above-stick-meta":"","header-main-stick-meta":"","header-below-stick-meta":"","footnotes":""},"class_list":["post-59","page","type-page","status-publish","hentry"],"_links":{"self":[{"href":"https:\/\/www.flugcenter.de\/relaunch\/wp-json\/wp\/v2\/pages\/59","targetHints":{"allow":["GET"]}}],"collection":[{"href":"https:\/\/www.flugcenter.de\/relaunch\/wp-json\/wp\/v2\/pages"}],"about":[{"href":"https:\/\/www.flugcenter.de\/relaunch\/wp-json\/wp\/v2\/types\/page"}],"author":[{"embeddable":true,"href":"https:\/\/www.flugcenter.de\/relaunch\/wp-json\/wp\/v2\/users\/1"}],"replies":[{"embeddable":true,"href":"https:\/\/www.flugcenter.de\/relaunch\/wp-json\/wp\/v2\/comments?post=59"}],"version-history":[{"count":10,"href":"https:\/\/www.flugcenter.de\/relaunch\/wp-json\/wp\/v2\/pages\/59\/revisions"}],"predecessor-version":[{"id":602,"href":"https:\/\/www.flugcenter.de\/relaunch\/wp-json\/wp\/v2\/pages\/59\/revisions\/602"}],"wp:attachment":[{"href":"https:\/\/www.flugcenter.de\/relaunch\/wp-json\/wp\/v2\/media?parent=59"}],"curies":[{"name":"wp","href":"https:\/\/api.w.org\/{rel}","templated":true}]}}